{"id":749,"date":"2019-12-22T09:19:57","date_gmt":"2019-12-22T09:19:57","guid":{"rendered":"https:\/\/xtratheme.com\/insurance\/?page_id=749"},"modified":"2020-07-07T19:41:18","modified_gmt":"2020-07-07T19:41:18","slug":"projelerimiz","status":"publish","type":"page","link":"https:\/\/www.gercekkaravan.com\/index.php\/projelerimiz\/","title":{"rendered":"Projelerimiz"},"content":{"rendered":"<div class=\"wpb-content-wrapper\"><p>[vc_row][vc_column]<div id=\"cz_108306\" class=\"cz_108306\"><ul class=\"cz_grid_filters clr tac\"><li class=\"cz_active_filter\" data-filter=\".cz_grid_item\">T\u00fcm Projeler<\/li><li data-filter=\".portfolio_cat-yasam-karavan\">Ya\u015fam Karavan<\/li><li data-filter=\".portfolio_cat-kulis-karavan\">Kulis Karavan<\/li><li data-filter=\".portfolio_cat-panelvan-karavan\">Panelvan Karavan<\/li><li data-filter=\".portfolio_cat-wc-karavan\">Wc Karavan<\/li><\/ul><div class=\"cz_grid cz_grid_1 clr cz_grid_c4 cz_grid_1_title_sub_after cz_grid_1_has_excerpt cz_grid_1_mid tac cz_grid_overlay_20px cz_meta_all_center\" data-gap=\"10\" data-atts='{\"action\":\"cz_ajax_posts\",\"post_class\":\"cz_grid_item\",\"post__in\":null,\"author__in\":null,\"nonce\":\"aa72e826e9\",\"nonce_id\":\"cz_108306\",\"loadmore_end\":\"Not found more posts\",\"layout\":\"cz_grid_c4\",\"hover\":\"cz_grid_1_title_sub_after cz_grid_1_has_excerpt\",\"image_size\":\"codevz_600_600\",\"subtitles\":\"%5B%7B%22t%22%3A%22cats_2%22%7D%5D\",\"subtitle_pos\":\"\",\"icon\":\"fa czico-106-foreign\",\"el\":\"\",\"title_lenght\":\"\",\"cat_tax\":\"category\",\"cat\":\"\",\"cat_exclude\":\"\",\"tag_tax\":\"post_tag\",\"tag_id\":\"\",\"tag_exclude\":\"\",\"post_type\":\"portfolio\",\"posts_per_page\":\"8\",\"order\":\"DESC\",\"orderby\":\"date\",\"tilt_data\":null,\"svg_sizes\":[\"600\",\"600\"],\"img_fx\":\"cz_grid_zoom_mask\",\"custom_size\":\"\",\"excerpt_rm\":false,\"title_tag\":\"h3\",\"s\":\"\"}'><div class=\"cz_grid_item cz_grid_first\"><\/div><div data-id=\"944\" class=\"cz_grid_item  cz_posts_list_even 944 post-944 portfolio type-portfolio status-publish format-standard has-post-thumbnail hentry portfolio_cat-yasam-karavan\"><div class=\"clr\"><a class=\"cz_grid_link cz_grid_zoom_mask\" href=\"https:\/\/www.gercekkaravan.com\/index.php\/Projelerimiz\/yasam-karavan-2\/\" title=\"Ya\u015fam Karavan\"><img loading=\"lazy\" decoding=\"async\" width=\"600\" height=\"600\" src=\"https:\/\/www.gercekkaravan.com\/wp-content\/uploads\/2020\/07\/ya\u015fam-1-600x600.jpg\" class=\"attachment-codevz_600_600\" alt=\"\" title=\"ya\u015fam (1)\" srcset=\"https:\/\/www.gercekkaravan.com\/wp-content\/uploads\/2020\/07\/ya\u015fam-1-600x600.jpg 600w, https:\/\/www.gercekkaravan.com\/wp-content\/uploads\/2020\/07\/ya\u015fam-1-150x150.jpg 150w, https:\/\/www.gercekkaravan.com\/wp-content\/uploads\/2020\/07\/ya\u015fam-1-300x300.jpg 300w, https:\/\/www.gercekkaravan.com\/wp-content\/uploads\/2020\/07\/ya\u015fam-1-100x100.jpg 100w\" sizes=\"auto, (max-width: 600px) 100vw, 600px\" \/><div class=\"cz_grid_details\"><i class=\"fa czico-106-foreign cz_grid_icon\"><\/i><\/div><\/a><div class=\"cz_grid_details cz_grid_details_outside\"><a class=\"cz_grid_title\" href=\"https:\/\/www.gercekkaravan.com\/index.php\/Projelerimiz\/yasam-karavan-2\/\"><h3>Ya\u015fam Karavan<\/h3><\/a><small class=\"clr\"><span class=\"cz_post_data cz_data_cats_2\"><span class=\"cz_cats_2 cz_cats_2\"><a aria-label=\"Post category\" href=\"https:\/\/www.gercekkaravan.com\/index.php\/projects\/cat\/yasam-karavan\/\">Ya\u015fam Karavan<\/a><\/span><\/span><\/small><div class=\"cz_post_excerpt\">[vc_row][vc_column][\/vc_column][\/vc_row][vc_row][vc_column][\/vc_column][\/vc_row][vc_row full_width=\"stretch_row\" css=\".vc_custom_1578940949366{background-color: #f1f1f1 !important;}\"][vc_column][vc_row_inner][vc_column_inner width=\"3\/4\"]S\u0130Z HAYAL ED\u0130N, B\u0130Z GER\u00c7EKLE\u015eT\u0130REL\u0130M. \u00c7e\u015fitli boylarda karavan imal edilmektedir [\/vc_column_inner][vc_column_inner width=\"1\/4\"]\u0130leti\u015fim Bilgileri\u0130leti\u015fim Bilgileri[\/vc_column_inner][\/vc_row_inner][\/vc_column][\/vc_row] ...<\/div><\/div><\/div><\/div><div data-id=\"931\" class=\"cz_grid_item  cz_posts_list_odd 931 post-931 portfolio type-portfolio status-publish format-standard has-post-thumbnail hentry portfolio_cat-yasam-karavan\"><div class=\"clr\"><a class=\"cz_grid_link cz_grid_zoom_mask\" href=\"https:\/\/www.gercekkaravan.com\/index.php\/Projelerimiz\/yasam-karavan\/\" title=\"Ya\u015fam Karavan\"><img loading=\"lazy\" decoding=\"async\" width=\"600\" height=\"600\" src=\"https:\/\/www.gercekkaravan.com\/wp-content\/uploads\/2020\/07\/ya\u015fam-2-9-600x600.jpg\" class=\"attachment-codevz_600_600\" alt=\"\" title=\"ya\u015fam 2 (9)\" srcset=\"https:\/\/www.gercekkaravan.com\/wp-content\/uploads\/2020\/07\/ya\u015fam-2-9-600x600.jpg 600w, https:\/\/www.gercekkaravan.com\/wp-content\/uploads\/2020\/07\/ya\u015fam-2-9-150x150.jpg 150w, https:\/\/www.gercekkaravan.com\/wp-content\/uploads\/2020\/07\/ya\u015fam-2-9-300x300.jpg 300w, https:\/\/www.gercekkaravan.com\/wp-content\/uploads\/2020\/07\/ya\u015fam-2-9-100x100.jpg 100w\" sizes=\"auto, (max-width: 600px) 100vw, 600px\" \/><div class=\"cz_grid_details\"><i class=\"fa czico-106-foreign cz_grid_icon\"><\/i><\/div><\/a><div class=\"cz_grid_details cz_grid_details_outside\"><a class=\"cz_grid_title\" href=\"https:\/\/www.gercekkaravan.com\/index.php\/Projelerimiz\/yasam-karavan\/\"><h3>Ya\u015fam Karavan<\/h3><\/a><small class=\"clr\"><span class=\"cz_post_data cz_data_cats_2\"><span class=\"cz_cats_2 cz_cats_2\"><a aria-label=\"Post category\" href=\"https:\/\/www.gercekkaravan.com\/index.php\/projects\/cat\/yasam-karavan\/\">Ya\u015fam Karavan<\/a><\/span><\/span><\/small><div class=\"cz_post_excerpt\">[vc_row][vc_column][\/vc_column][\/vc_row][vc_row][vc_column][\/vc_column][\/vc_row][vc_row full_width=\"stretch_row\" css=\".vc_custom_1578940949366{background-color: #f1f1f1 !important;}\"][vc_column][vc_row_inner][vc_column_inner width=\"3\/4\"]S\u0130Z HAYAL ED\u0130N, B\u0130Z GER\u00c7EKLE\u015eT\u0130REL\u0130M. \u00c7e\u015fitli boylarda karavan imal edilmektedir [\/vc_column_inner][vc_column_inner width=\"1\/4\"]\u0130leti\u015fim Bilgileri\u0130leti\u015fim Bilgileri[\/vc_column_inner][\/vc_row_inner][\/vc_column][\/vc_row] ...<\/div><\/div><\/div><\/div><div data-id=\"921\" class=\"cz_grid_item  cz_posts_list_even 921 post-921 portfolio type-portfolio status-publish format-standard has-post-thumbnail hentry portfolio_cat-kulis-karavan\"><div class=\"clr\"><a class=\"cz_grid_link cz_grid_zoom_mask\" href=\"https:\/\/www.gercekkaravan.com\/index.php\/Projelerimiz\/kulis-karavan-2\/\" title=\"Kulis Karavan\"><img loading=\"lazy\" decoding=\"async\" width=\"600\" height=\"600\" src=\"https:\/\/www.gercekkaravan.com\/wp-content\/uploads\/2020\/07\/107340190_952711235173250_3122943616520320782_o-1-600x600.jpg\" class=\"attachment-codevz_600_600\" alt=\"\" title=\"107340190_952711235173250_3122943616520320782_o (1)\" srcset=\"https:\/\/www.gercekkaravan.com\/wp-content\/uploads\/2020\/07\/107340190_952711235173250_3122943616520320782_o-1-600x600.jpg 600w, https:\/\/www.gercekkaravan.com\/wp-content\/uploads\/2020\/07\/107340190_952711235173250_3122943616520320782_o-1-150x150.jpg 150w, https:\/\/www.gercekkaravan.com\/wp-content\/uploads\/2020\/07\/107340190_952711235173250_3122943616520320782_o-1-300x300.jpg 300w, https:\/\/www.gercekkaravan.com\/wp-content\/uploads\/2020\/07\/107340190_952711235173250_3122943616520320782_o-1-100x100.jpg 100w\" sizes=\"auto, (max-width: 600px) 100vw, 600px\" \/><div class=\"cz_grid_details\"><i class=\"fa czico-106-foreign cz_grid_icon\"><\/i><\/div><\/a><div class=\"cz_grid_details cz_grid_details_outside\"><a class=\"cz_grid_title\" href=\"https:\/\/www.gercekkaravan.com\/index.php\/Projelerimiz\/kulis-karavan-2\/\"><h3>Kulis Karavan<\/h3><\/a><small class=\"clr\"><span class=\"cz_post_data cz_data_cats_2\"><span class=\"cz_cats_2 cz_cats_2\"><a aria-label=\"Post category\" href=\"https:\/\/www.gercekkaravan.com\/index.php\/projects\/cat\/kulis-karavan\/\">Kulis Karavan<\/a><\/span><\/span><\/small><div class=\"cz_post_excerpt\">[vc_row][vc_column][\/vc_column][\/vc_row][vc_row][vc_column][\/vc_column][\/vc_row][vc_row full_width=\"stretch_row\" css=\".vc_custom_1578940949366{background-color: #f1f1f1 !important;}\"][vc_column][vc_row_inner][vc_column_inner width=\"3\/4\"]S\u0130Z HAYAL ED\u0130N, B\u0130Z GER\u00c7EKLE\u015eT\u0130REL\u0130M. \u00c7e\u015fitli boylarda karavan imal edilmektedir [\/vc_column_inner][vc_column_inner width=\"1\/4\"]\u0130leti\u015fim Bilgileri\u0130leti\u015fim Bilgileri[\/vc_column_inner][\/vc_row_inner][\/vc_column][\/vc_row] ...<\/div><\/div><\/div><\/div><div data-id=\"913\" class=\"cz_grid_item  cz_posts_list_odd 913 post-913 portfolio type-portfolio status-publish format-standard has-post-thumbnail hentry portfolio_cat-kulis-karavan\"><div class=\"clr\"><a class=\"cz_grid_link cz_grid_zoom_mask\" href=\"https:\/\/www.gercekkaravan.com\/index.php\/Projelerimiz\/kulis-karavan-3\/\" title=\"Kulis Karavan\"><img loading=\"lazy\" decoding=\"async\" width=\"600\" height=\"600\" src=\"https:\/\/www.gercekkaravan.com\/wp-content\/uploads\/2020\/06\/kulis-23-600x600.jpg\" class=\"attachment-codevz_600_600\" alt=\"\" title=\"kulis 2(3)\" srcset=\"https:\/\/www.gercekkaravan.com\/wp-content\/uploads\/2020\/06\/kulis-23-600x600.jpg 600w, https:\/\/www.gercekkaravan.com\/wp-content\/uploads\/2020\/06\/kulis-23-150x150.jpg 150w, https:\/\/www.gercekkaravan.com\/wp-content\/uploads\/2020\/06\/kulis-23-300x300.jpg 300w, https:\/\/www.gercekkaravan.com\/wp-content\/uploads\/2020\/06\/kulis-23-100x100.jpg 100w\" sizes=\"auto, (max-width: 600px) 100vw, 600px\" \/><div class=\"cz_grid_details\"><i class=\"fa czico-106-foreign cz_grid_icon\"><\/i><\/div><\/a><div class=\"cz_grid_details cz_grid_details_outside\"><a class=\"cz_grid_title\" href=\"https:\/\/www.gercekkaravan.com\/index.php\/Projelerimiz\/kulis-karavan-3\/\"><h3>Kulis Karavan<\/h3><\/a><small class=\"clr\"><span class=\"cz_post_data cz_data_cats_2\"><span class=\"cz_cats_2 cz_cats_2\"><a aria-label=\"Post category\" href=\"https:\/\/www.gercekkaravan.com\/index.php\/projects\/cat\/kulis-karavan\/\">Kulis Karavan<\/a><\/span><\/span><\/small><div class=\"cz_post_excerpt\">[vc_row][vc_column][\/vc_column][\/vc_row][vc_row][vc_column][\/vc_column][\/vc_row][vc_row full_width=\"stretch_row\" css=\".vc_custom_1578940949366{background-color: #f1f1f1 !important;}\"][vc_column][vc_row_inner][vc_column_inner width=\"3\/4\"]S\u0130Z HAYAL ED\u0130N, B\u0130Z GER\u00c7EKLE\u015eT\u0130REL\u0130M. \u00c7e\u015fitli boylarda karavan imal edilmektedir [\/vc_column_inner][vc_column_inner width=\"1\/4\"]\u0130leti\u015fim Bilgileri\u0130leti\u015fim Bilgileri[\/vc_column_inner][\/vc_row_inner][\/vc_column][\/vc_row] ...<\/div><\/div><\/div><\/div><div data-id=\"896\" class=\"cz_grid_item  cz_posts_list_even 896 post-896 portfolio type-portfolio status-publish format-standard has-post-thumbnail hentry portfolio_cat-panelvan-karavan\"><div class=\"clr\"><a class=\"cz_grid_link cz_grid_zoom_mask\" href=\"https:\/\/www.gercekkaravan.com\/index.php\/Projelerimiz\/panelvan-karavan\/\" title=\"Panelvan Karavan\"><img loading=\"lazy\" decoding=\"async\" width=\"600\" height=\"600\" src=\"https:\/\/www.gercekkaravan.com\/wp-content\/uploads\/2020\/07\/panelvan-2-600x600.jpg\" class=\"attachment-codevz_600_600\" alt=\"\" title=\"panelvan (2)\" srcset=\"https:\/\/www.gercekkaravan.com\/wp-content\/uploads\/2020\/07\/panelvan-2-600x600.jpg 600w, https:\/\/www.gercekkaravan.com\/wp-content\/uploads\/2020\/07\/panelvan-2-150x150.jpg 150w, https:\/\/www.gercekkaravan.com\/wp-content\/uploads\/2020\/07\/panelvan-2-300x300.jpg 300w, https:\/\/www.gercekkaravan.com\/wp-content\/uploads\/2020\/07\/panelvan-2-100x100.jpg 100w\" sizes=\"auto, (max-width: 600px) 100vw, 600px\" \/><div class=\"cz_grid_details\"><i class=\"fa czico-106-foreign cz_grid_icon\"><\/i><\/div><\/a><div class=\"cz_grid_details cz_grid_details_outside\"><a class=\"cz_grid_title\" href=\"https:\/\/www.gercekkaravan.com\/index.php\/Projelerimiz\/panelvan-karavan\/\"><h3>Panelvan Karavan<\/h3><\/a><small class=\"clr\"><span class=\"cz_post_data cz_data_cats_2\"><span class=\"cz_cats_2 cz_cats_2\"><a aria-label=\"Post category\" href=\"https:\/\/www.gercekkaravan.com\/index.php\/projects\/cat\/panelvan-karavan\/\">Panelvan Karavan<\/a><\/span><\/span><\/small><div class=\"cz_post_excerpt\">[vc_row][vc_column][\/vc_column][\/vc_row][vc_row][vc_column][\/vc_column][\/vc_row][vc_row full_width=\"stretch_row\" css=\".vc_custom_1578940949366{background-color: #f1f1f1 !important;}\"][vc_column][vc_row_inner][vc_column_inner width=\"3\/4\"]S\u0130Z HAYAL ED\u0130N, B\u0130Z GER\u00c7EKLE\u015eT\u0130REL\u0130M. \u00c7e\u015fitli boylarda karavan imal edilmektedir [\/vc_column_inner][vc_column_inner width=\"1\/4\"]\u0130leti\u015fim Bilgileri\u0130leti\u015fim Bilgileri[\/vc_column_inner][\/vc_row_inner][\/vc_column][\/vc_row] ...<\/div><\/div><\/div><\/div><div data-id=\"878\" class=\"cz_grid_item  cz_posts_list_odd 878 post-878 portfolio type-portfolio status-publish format-standard has-post-thumbnail hentry portfolio_cat-wc-karavan\"><div class=\"clr\"><a class=\"cz_grid_link cz_grid_zoom_mask\" href=\"https:\/\/www.gercekkaravan.com\/index.php\/Projelerimiz\/wc-karavan-3\/\" title=\"Wc Karavan\"><img loading=\"lazy\" decoding=\"async\" width=\"600\" height=\"600\" src=\"https:\/\/www.gercekkaravan.com\/wp-content\/uploads\/2020\/07\/17361907_1315945935137739_5052346599020239255_n-600x600.jpg\" class=\"attachment-codevz_600_600\" alt=\"\" title=\"17361907_1315945935137739_5052346599020239255_n\" srcset=\"https:\/\/www.gercekkaravan.com\/wp-content\/uploads\/2020\/07\/17361907_1315945935137739_5052346599020239255_n-600x600.jpg 600w, https:\/\/www.gercekkaravan.com\/wp-content\/uploads\/2020\/07\/17361907_1315945935137739_5052346599020239255_n-150x150.jpg 150w, https:\/\/www.gercekkaravan.com\/wp-content\/uploads\/2020\/07\/17361907_1315945935137739_5052346599020239255_n-300x300.jpg 300w, https:\/\/www.gercekkaravan.com\/wp-content\/uploads\/2020\/07\/17361907_1315945935137739_5052346599020239255_n-100x100.jpg 100w\" sizes=\"auto, (max-width: 600px) 100vw, 600px\" \/><div class=\"cz_grid_details\"><i class=\"fa czico-106-foreign cz_grid_icon\"><\/i><\/div><\/a><div class=\"cz_grid_details cz_grid_details_outside\"><a class=\"cz_grid_title\" href=\"https:\/\/www.gercekkaravan.com\/index.php\/Projelerimiz\/wc-karavan-3\/\"><h3>Wc Karavan<\/h3><\/a><small class=\"clr\"><span class=\"cz_post_data cz_data_cats_2\"><span class=\"cz_cats_2 cz_cats_2\"><a aria-label=\"Post category\" href=\"https:\/\/www.gercekkaravan.com\/index.php\/projects\/cat\/wc-karavan\/\">Wc Karavan<\/a><\/span><\/span><\/small><div class=\"cz_post_excerpt\">[vc_row][vc_column][\/vc_column][\/vc_row][vc_row][vc_column][\/vc_column][\/vc_row][vc_row full_width=\"stretch_row\" css=\".vc_custom_1578940949366{background-color: #f1f1f1 !important;}\"][vc_column][vc_row_inner][vc_column_inner width=\"3\/4\"]S\u0130Z HAYAL ED\u0130N, B\u0130Z GER\u00c7EKLE\u015eT\u0130REL\u0130M. \u00c7e\u015fitli boylarda karavan imal edilmektedir [\/vc_column_inner][vc_column_inner width=\"1\/4\"]\u0130leti\u015fim Bilgileri\u0130leti\u015fim Bilgileri[\/vc_column_inner][\/vc_row_inner][\/vc_column][\/vc_row] ...<\/div><\/div><\/div><\/div><div data-id=\"851\" class=\"cz_grid_item  cz_posts_list_even 851 post-851 portfolio type-portfolio status-publish format-standard has-post-thumbnail hentry portfolio_cat-kulis-karavan\"><div class=\"clr\"><a class=\"cz_grid_link cz_grid_zoom_mask\" href=\"https:\/\/www.gercekkaravan.com\/index.php\/Projelerimiz\/kulis-karavan\/\" title=\"Kamyon Kulis Karavan\"><img loading=\"lazy\" decoding=\"async\" width=\"600\" height=\"600\" src=\"https:\/\/www.gercekkaravan.com\/wp-content\/uploads\/2020\/07\/64709159_2414099291989059_4443070910966005760_n-600x600.jpg\" class=\"attachment-codevz_600_600\" alt=\"\" title=\"64709159_2414099291989059_4443070910966005760_n\" srcset=\"https:\/\/www.gercekkaravan.com\/wp-content\/uploads\/2020\/07\/64709159_2414099291989059_4443070910966005760_n-600x600.jpg 600w, https:\/\/www.gercekkaravan.com\/wp-content\/uploads\/2020\/07\/64709159_2414099291989059_4443070910966005760_n-150x150.jpg 150w, https:\/\/www.gercekkaravan.com\/wp-content\/uploads\/2020\/07\/64709159_2414099291989059_4443070910966005760_n-300x300.jpg 300w, https:\/\/www.gercekkaravan.com\/wp-content\/uploads\/2020\/07\/64709159_2414099291989059_4443070910966005760_n-100x100.jpg 100w\" sizes=\"auto, (max-width: 600px) 100vw, 600px\" \/><div class=\"cz_grid_details\"><i class=\"fa czico-106-foreign cz_grid_icon\"><\/i><\/div><\/a><div class=\"cz_grid_details cz_grid_details_outside\"><a class=\"cz_grid_title\" href=\"https:\/\/www.gercekkaravan.com\/index.php\/Projelerimiz\/kulis-karavan\/\"><h3>Kamyon Kulis Karavan<\/h3><\/a><small class=\"clr\"><span class=\"cz_post_data cz_data_cats_2\"><span class=\"cz_cats_2 cz_cats_2\"><a aria-label=\"Post category\" href=\"https:\/\/www.gercekkaravan.com\/index.php\/projects\/cat\/kulis-karavan\/\">Kulis Karavan<\/a><\/span><\/span><\/small><div class=\"cz_post_excerpt\">[vc_row][vc_column][\/vc_column][\/vc_row][vc_row][vc_column][\/vc_column][\/vc_row][vc_row full_width=\"stretch_row\" css=\".vc_custom_1578940949366{background-color: #f1f1f1 !important;}\"][vc_column][vc_row_inner][vc_column_inner width=\"3\/4\"]S\u0130Z HAYAL ED\u0130N, B\u0130Z GER\u00c7EKLE\u015eT\u0130REL\u0130M. \u00c7e\u015fitli boylarda karavan imal edilmektedir [\/vc_column_inner][vc_column_inner width=\"1\/4\"]\u0130leti\u015fim Bilgileri\u0130leti\u015fim Bilgileri[\/vc_column_inner][\/vc_row_inner][\/vc_column][\/vc_row] ...<\/div><\/div><\/div><\/div><div data-id=\"263\" class=\"cz_grid_item  cz_posts_list_odd 263 post-263 portfolio type-portfolio status-publish format-standard has-post-thumbnail hentry portfolio_cat-wc-karavan\"><div class=\"clr\"><a class=\"cz_grid_link cz_grid_zoom_mask\" href=\"https:\/\/www.gercekkaravan.com\/index.php\/Projelerimiz\/wc-karavan\/\" title=\"Wc Karavan\"><img loading=\"lazy\" decoding=\"async\" width=\"600\" height=\"600\" src=\"https:\/\/www.gercekkaravan.com\/wp-content\/uploads\/2020\/07\/71764179_2624860167579636_5233393838877310976_n-600x600.jpg\" class=\"attachment-codevz_600_600\" alt=\"\" title=\"71764179_2624860167579636_5233393838877310976_n\" srcset=\"https:\/\/www.gercekkaravan.com\/wp-content\/uploads\/2020\/07\/71764179_2624860167579636_5233393838877310976_n-600x600.jpg 600w, https:\/\/www.gercekkaravan.com\/wp-content\/uploads\/2020\/07\/71764179_2624860167579636_5233393838877310976_n-150x150.jpg 150w, https:\/\/www.gercekkaravan.com\/wp-content\/uploads\/2020\/07\/71764179_2624860167579636_5233393838877310976_n-300x300.jpg 300w, https:\/\/www.gercekkaravan.com\/wp-content\/uploads\/2020\/07\/71764179_2624860167579636_5233393838877310976_n-100x100.jpg 100w\" sizes=\"auto, (max-width: 600px) 100vw, 600px\" \/><div class=\"cz_grid_details\"><i class=\"fa czico-106-foreign cz_grid_icon\"><\/i><\/div><\/a><div class=\"cz_grid_details cz_grid_details_outside\"><a class=\"cz_grid_title\" href=\"https:\/\/www.gercekkaravan.com\/index.php\/Projelerimiz\/wc-karavan\/\"><h3>Wc Karavan<\/h3><\/a><small class=\"clr\"><span class=\"cz_post_data cz_data_cats_2\"><span class=\"cz_cats_2 cz_cats_2\"><a aria-label=\"Post category\" href=\"https:\/\/www.gercekkaravan.com\/index.php\/projects\/cat\/wc-karavan\/\">Wc Karavan<\/a><\/span><\/span><\/small><div class=\"cz_post_excerpt\">[vc_row][vc_column][\/vc_column][\/vc_row][vc_row][vc_column][\/vc_column][\/vc_row][vc_row full_width=\"stretch_row\" css=\".vc_custom_1578940949366{background-color: #f1f1f1 !important;}\"][vc_column][vc_row_inner][vc_column_inner width=\"3\/4\"]S\u0130Z HAYAL ED\u0130N, B\u0130Z GER\u00c7EKLE\u015eT\u0130REL\u0130M. \u00c7e\u015fitli boylarda karavan imal edilmektedir [\/vc_column_inner][vc_column_inner width=\"1\/4\"]\u0130leti\u015fim Bilgileri\u0130leti\u015fim Bilgileri[\/vc_column_inner][\/vc_row_inner][\/vc_column][\/vc_row] ...<\/div><\/div><\/div><\/div><\/div><\/div>[\/vc_column][\/vc_row]<\/p>\n<\/div>","protected":false},"excerpt":{"rendered":"<p>[vc_row][vc_column][\/vc_column][\/vc_row] &#8230; <\/p>\n","protected":false},"author":1,"featured_media":0,"parent":0,"menu_order":0,"comment_status":"closed","ping_status":"closed","template":"","meta":{"footnotes":""},"class_list":["post-749","page","type-page","status-publish","hentry"],"_links":{"self":[{"href":"https:\/\/www.gercekkaravan.com\/index.php\/wp-json\/wp\/v2\/pages\/749","targetHints":{"allow":["GET"]}}],"collection":[{"href":"https:\/\/www.gercekkaravan.com\/index.php\/wp-json\/wp\/v2\/pages"}],"about":[{"href":"https:\/\/www.gercekkaravan.com\/index.php\/wp-json\/wp\/v2\/types\/page"}],"author":[{"embeddable":true,"href":"https:\/\/www.gercekkaravan.com\/index.php\/wp-json\/wp\/v2\/users\/1"}],"replies":[{"embeddable":true,"href":"https:\/\/www.gercekkaravan.com\/index.php\/wp-json\/wp\/v2\/comments?post=749"}],"version-history":[{"count":5,"href":"https:\/\/www.gercekkaravan.com\/index.php\/wp-json\/wp\/v2\/pages\/749\/revisions"}],"predecessor-version":[{"id":959,"href":"https:\/\/www.gercekkaravan.com\/index.php\/wp-json\/wp\/v2\/pages\/749\/revisions\/959"}],"wp:attachment":[{"href":"https:\/\/www.gercekkaravan.com\/index.php\/wp-json\/wp\/v2\/media?parent=749"}],"curies":[{"name":"wp","href":"https:\/\/api.w.org\/{rel}","templated":true}]}}