{"id":9,"date":"2017-06-10T08:24:41","date_gmt":"2017-06-10T08:24:41","guid":{"rendered":"http:\/\/xtratheme.comconstruction\/?page_id=6"},"modified":"2020-07-08T06:37:30","modified_gmt":"2020-07-08T06:37:30","slug":"hakkimizda","status":"publish","type":"page","link":"https:\/\/www.gercekkaravan.com\/index.php\/hakkimizda\/","title":{"rendered":"Hakk\u0131m\u0131zda"},"content":{"rendered":"<div class=\"wpb-content-wrapper\"><p>[vc_row full_width=&#8221;stretch_row&#8221; css=&#8221;.vc_custom_1576755424907{background-position: 0 0 !important;background-repeat: no-repeat !important;}&#8221;][vc_column width=&#8221;1\/2&#8243;]<div class=\"cz_gap clr  hide_on_mobile\" style=\"height: 150px\"><\/div><div class=\"cz_gap show_on_mobile clr\" style=\"height: 0px\"><\/div><div id=\"cz_87239\" class=\"cz_87239 cz_title clr cz_mobile_text_center cz_title_pos_inline\"><div class=\"cz_title_shape shape_image cz_shape_1\"><img loading=\"lazy\" decoding=\"async\" width=\"75\" height=\"75\" src=\"https:\/\/www.gercekkaravan.com\/wp-content\/uploads\/2019\/12\/sep-img.png\" class=\"attachment-full\" alt=\"\" title=\"sep-img\" \/><\/div><div class=\"cz_title_content\"><div class=\"cz_wpe_content\"><h2>Ger\u00e7ek Karavan<\/h2>\n<\/div><\/div><\/div><div class=\"cz_gap clr  hide_on_mobile\" style=\"height: 40px\"><\/div><div class=\"cz_gap show_on_mobile clr\" style=\"height: 30px\"><\/div><div id=\"cz_79916\" class=\"cz_79916 cz_title clr cz_mobile_text_center cz_title_pos_inline\"><div class=\"cz_title_content\"><div class=\"cz_wpe_content\"><p><span style=\"color: #666666;\">Merkezi Bursa ilinde olan firmam\u0131z, 25 y\u0131ll\u0131k tecr\u00fcbe ile karavan \u00fcretimi, tamiri, bak\u0131m\u0131 ve sat\u0131\u015f sonras\u0131 deste\u011fi ile t\u00fcm T\u00fcrkiye \u00e7ap\u0131nda siz de\u011ferli m\u00fc\u015fterilerimizin hizmetindedir.<br \/>\n<\/span><\/p>\n<\/div><\/div><\/div><div class=\"cz_gap clr \" style=\"height: 40px\"><\/div>[\/vc_column][vc_column width=&#8221;1\/2&#8243;]<div class=\"cz_gap clr  hide_on_mobile\" style=\"height: 70px\"><\/div><div class=\"cz_gap show_on_mobile clr\" style=\"height: 20px\"><\/div><div id=\"cz_41529\" data-position=\"top-right\" class=\"cz_41529 cz_image clr cz_image_no_fx center_on_mobile\"><div class=\"\" ><div class=\"cz_image_in\" data-tilt><div class=\"cz_main_image\"><img loading=\"lazy\" decoding=\"async\" width=\"800\" height=\"1024\" src=\"https:\/\/www.gercekkaravan.com\/wp-content\/uploads\/2020\/07\/106745497_952711381839902_8208835752597204182_o-800x1024.jpg\" class=\"attachment-large\" alt=\"\" title=\"106745497_952711381839902_8208835752597204182_o\" srcset=\"https:\/\/www.gercekkaravan.com\/wp-content\/uploads\/2020\/07\/106745497_952711381839902_8208835752597204182_o-800x1024.jpg 800w, https:\/\/www.gercekkaravan.com\/wp-content\/uploads\/2020\/07\/106745497_952711381839902_8208835752597204182_o-234x300.jpg 234w, https:\/\/www.gercekkaravan.com\/wp-content\/uploads\/2020\/07\/106745497_952711381839902_8208835752597204182_o-768x983.jpg 768w, https:\/\/www.gercekkaravan.com\/wp-content\/uploads\/2020\/07\/106745497_952711381839902_8208835752597204182_o-1200x1536.jpg 1200w, https:\/\/www.gercekkaravan.com\/wp-content\/uploads\/2020\/07\/106745497_952711381839902_8208835752597204182_o-600x768.jpg 600w, https:\/\/www.gercekkaravan.com\/wp-content\/uploads\/2020\/07\/106745497_952711381839902_8208835752597204182_o.jpg 1250w\" sizes=\"auto, (max-width: 800px) 100vw, 800px\" \/><\/div><\/div><\/div><\/div>[\/vc_column][\/vc_row][vc_row][vc_column]<div class=\"cz_gap clr  hide_on_mobile\" style=\"height: 100px\"><\/div><div class=\"cz_gap show_on_mobile clr\" style=\"height: 20px\"><\/div>[\/vc_column][\/vc_row][vc_row full_width=&#8221;stretch_row&#8221;][vc_column]<div class=\"cz_eqh cz_content_box_parent_fx  \"><div class=\"fx_zoom_0_hover\"><div id=\"cz_23871\" class=\"cz_23871 cz_content_box clr\"><div class=\"cz_box_front clr\"><div class=\"cz_box_front_inner clr \"><span><\/span><div>[vc_row_inner][vc_column_inner width=&#8221;2\/3&#8243;]<div id=\"cz_61119\" class=\"cz_61119 cz_title clr cz_mobile_text_center cz_title_has_icon cz_title_pos_inline\"><div class=\"cz_title_shape shape_image cz_shape_2\"><img loading=\"lazy\" decoding=\"async\" width=\"75\" height=\"75\" src=\"https:\/\/www.gercekkaravan.com\/wp-content\/uploads\/2019\/12\/sep-img.png\" class=\"attachment-full\" alt=\"\" title=\"sep-img\" \/><\/div><div class=\"cz_title_content\"><i class=\"cz_title_icon_before fa fa-phone\"><\/i><div class=\"cz_wpe_content\"><h3 style=\"line-height: 1.4;\"><span style=\"font-size: 34px; color: #ffffff;\">S\u0130Z HAYAL ED\u0130N, B\u0130Z GER\u00c7EKLE\u015eT\u0130REL\u0130M.<br \/>\n<\/span><\/h3>\n<p><span style=\"color: #ffffff;\">\u00c7e\u015fitli boylarda karavan imal edilmektedir<br \/>\n<\/span><\/p>\n<\/div><\/div><\/div>[\/vc_column_inner][vc_column_inner width=&#8221;1\/3&#8243;]<div class=\"cz_gap clr \" style=\"height: 30px\"><\/div><div id=\"cz_60656\" class=\"cz_60656 cz_title clr cz_mobile_text_center cz_title_pos_inline\"><div class=\"cz_title_content\"><div class=\"cz_wpe_content\"><p><span style=\"color: #ffffff; font-weight: 300;\"> 0224 257 44 71<\/span><\/p>\n<\/div><\/div><\/div>[\/vc_column_inner][\/vc_row_inner]<\/div><\/div><\/div><\/div><\/div><\/div>[\/vc_column][\/vc_row]<\/p>\n<\/div>","protected":false},"excerpt":{"rendered":"<p>[vc_row full_width=&#8221;stretch_row&#8221; css=&#8221;.vc_custom_1576755424907{background-position: 0 0 !important;background-repeat: no-repeat !important;}&#8221;][vc_column width=&#8221;1\/2&#8243;][\/vc_column][vc_column width=&#8221;1\/2&#8243;][\/vc_column][\/vc_row][vc_row][vc_column][\/vc_column][\/vc_row][vc_row full_width=&#8221;stretch_row&#8221;][vc_column][\/vc_column][\/vc_row] &#8230; <\/p>\n","protected":false},"author":1,"featured_media":0,"parent":0,"menu_order":0,"comment_status":"closed","ping_status":"closed","template":"","meta":{"footnotes":""},"class_list":["post-9","page","type-page","status-publish","hentry"],"_links":{"self":[{"href":"https:\/\/www.gercekkaravan.com\/index.php\/wp-json\/wp\/v2\/pages\/9","targetHints":{"allow":["GET"]}}],"collection":[{"href":"https:\/\/www.gercekkaravan.com\/index.php\/wp-json\/wp\/v2\/pages"}],"about":[{"href":"https:\/\/www.gercekkaravan.com\/index.php\/wp-json\/wp\/v2\/types\/page"}],"author":[{"embeddable":true,"href":"https:\/\/www.gercekkaravan.com\/index.php\/wp-json\/wp\/v2\/users\/1"}],"replies":[{"embeddable":true,"href":"https:\/\/www.gercekkaravan.com\/index.php\/wp-json\/wp\/v2\/comments?post=9"}],"version-history":[{"count":10,"href":"https:\/\/www.gercekkaravan.com\/index.php\/wp-json\/wp\/v2\/pages\/9\/revisions"}],"predecessor-version":[{"id":996,"href":"https:\/\/www.gercekkaravan.com\/index.php\/wp-json\/wp\/v2\/pages\/9\/revisions\/996"}],"wp:attachment":[{"href":"https:\/\/www.gercekkaravan.com\/index.php\/wp-json\/wp\/v2\/media?parent=9"}],"curies":[{"name":"wp","href":"https:\/\/api.w.org\/{rel}","templated":true}]}}